{"id":176,"date":"2016-08-08T14:11:30","date_gmt":"2016-08-08T13:11:30","guid":{"rendered":"http:\/\/www.lorellasardo.com\/it\/?page_id=176"},"modified":"2016-08-08T14:25:25","modified_gmt":"2016-08-08T13:25:25","slug":"english-translaction","status":"publish","type":"page","link":"https:\/\/www.lorellasardo.com\/it\/english-translaction\/","title":{"rendered":"English TranslAction"},"content":{"rendered":"<p><img loading=\"lazy\" decoding=\"async\" class=\"margin-right:10px alignleft wp-image-178 size-medium\" src=\"http:\/\/www.lorellasardo.com\/it\/wp-content\/uploads\/2016\/08\/english-translaction-202x300.jpg\" width=\"202\" height=\"300\" srcset=\"https:\/\/www.lorellasardo.com\/it\/wp-content\/uploads\/2016\/08\/english-translaction-202x300.jpg 202w, https:\/\/www.lorellasardo.com\/it\/wp-content\/uploads\/2016\/08\/english-translaction.jpg 525w\" sizes=\"auto, (max-width: 202px) 100vw, 202px\" \/><\/p>\n<p><strong>Le funzioni comunicative<\/strong>.<br \/>\nPer funzioni comunicative si intendono tutte le attivit\u00e0 di comunicazione che si effettuano tra le persone per scopi specifici, come per esempio, salutare, presentarsi, esprimere capacit\u00e0, esprimere probabilit\u00e0, dare consigli, chiedere il permesso, scusarsi, etc. \u00c8 possibile realizzare lo stesso scopo comunicativo in vari modi, utilizzando <strong>lessico<\/strong> e <strong>strutture grammaticali<\/strong> (nel linguaggio parlato anche l&#8217;<strong>intonazione<\/strong>) diversi a seconda della <strong>situazione<\/strong>. Nella scelta del lessico e delle strutture grammaticali \u00e8 fondamentale considerare alcuni <strong>fattori<\/strong>: la <strong>relazione sociale<\/strong>, l&#8217;<strong>atteggiamento psicologico<\/strong>, il <strong>luogo<\/strong> in cui avviene la comunicazione, il <strong>canale<\/strong> utilizzato, l&#8217;<strong>argomento<\/strong>. Accanto ad un linguaggio che possiamo definire <strong>neutrale<\/strong>, utilizzabile in linea di massima in qualsiasi situazione, esistono variet\u00e0 di linguaggi pi\u00f9 <strong>formali<\/strong> e pi\u00f9 <strong>informali<\/strong>, utilizzabili a seconda del grado di formalit\u00e0 della situazione.<\/p>\n","protected":false},"excerpt":{"rendered":"<p>Le funzioni comunicative. Per funzioni comunicative si intendono tutte le attivit\u00e0 di comunicazione che si effettuano tra le persone per scopi specifici, come per esempio, salutare, presentarsi, esprimere capacit\u00e0, esprimere probabilit\u00e0, dare consigli, chiedere il permesso, scusarsi, etc. \u00c8 possibile &hellip; <a href=\"https:\/\/www.lorellasardo.com\/it\/english-translaction\/\">Continued<\/a><\/p>\n","protected":false},"author":1,"featured_media":0,"parent":0,"menu_order":0,"comment_status":"open","ping_status":"open","template":"","meta":{"footnotes":""},"class_list":["post-176","page","type-page","status-publish","hentry"],"_links":{"self":[{"href":"https:\/\/www.lorellasardo.com\/it\/wp-json\/wp\/v2\/pages\/176","targetHints":{"allow":["GET"]}}],"collection":[{"href":"https:\/\/www.lorellasardo.com\/it\/wp-json\/wp\/v2\/pages"}],"about":[{"href":"https:\/\/www.lorellasardo.com\/it\/wp-json\/wp\/v2\/types\/page"}],"author":[{"embeddable":true,"href":"https:\/\/www.lorellasardo.com\/it\/wp-json\/wp\/v2\/users\/1"}],"replies":[{"embeddable":true,"href":"https:\/\/www.lorellasardo.com\/it\/wp-json\/wp\/v2\/comments?post=176"}],"version-history":[{"count":4,"href":"https:\/\/www.lorellasardo.com\/it\/wp-json\/wp\/v2\/pages\/176\/revisions"}],"predecessor-version":[{"id":181,"href":"https:\/\/www.lorellasardo.com\/it\/wp-json\/wp\/v2\/pages\/176\/revisions\/181"}],"wp:attachment":[{"href":"https:\/\/www.lorellasardo.com\/it\/wp-json\/wp\/v2\/media?parent=176"}],"curies":[{"name":"wp","href":"https:\/\/api.w.org\/{rel}","templated":true}]}}