{"id":46,"date":"2015-02-22T22:19:30","date_gmt":"2015-02-22T22:19:30","guid":{"rendered":"http:\/\/www.lorellasardo.com\/it\/?page_id=46"},"modified":"2015-03-26T17:02:58","modified_gmt":"2015-03-26T17:02:58","slug":"socialising","status":"publish","type":"page","link":"https:\/\/www.lorellasardo.com\/it\/socialising\/","title":{"rendered":"Speaking strategies"},"content":{"rendered":"<p><iframe loading=\"lazy\" style=\"float: left; border: 0px solid #CCC; border-width: 1px; margin-bottom: 5px; margin-right: 10px; max-width: 100%;\" src=\"\/\/www.slideshare.net\/slideshow\/embed_code\/45483054\" width=\"400px\" height=\"300px\" frameborder=\"0\" marginwidth=\"0\" marginheight=\"0\" scrolling=\"no\" allowfullscreen=\"allowfullscreen\"> <\/iframe><br \/>\nSpeaking strategies \u00e8 un set di 52 slides, concepite da Lorella Sardo, per aiutare a migliorare le abilit\u00e0 di conversazione. \u00c8 suddiviso in tre sezioni:<br \/>\n&#8211; Scopri chi sei<br \/>\n&#8211; Che suggerimenti usare<br \/>\n&#8211; Dalla teoria alla pratica<br \/>\nConsulta qui a fianco un estratto gratuito del booklet.<\/p>\n<p>Per la versione intera del seminario&#8230;<\/p>\n<p><a class=\"btn btn-oldstyle\" href=\".\/chi-sono\/#contact\" target=\"_blank\">contatta l&#8217;autrice<\/a><\/p>\n","protected":false},"excerpt":{"rendered":"<p>Speaking strategies \u00e8 un set di 52 slides, concepite da Lorella Sardo, per aiutare a migliorare le abilit\u00e0 di conversazione. \u00c8 suddiviso in tre sezioni: &#8211; Scopri chi sei &#8211; Che suggerimenti usare &#8211; Dalla teoria alla pratica Consulta qui &hellip; <a href=\"https:\/\/www.lorellasardo.com\/it\/socialising\/\">Continued<\/a><\/p>\n","protected":false},"author":1,"featured_media":0,"parent":0,"menu_order":0,"comment_status":"open","ping_status":"open","template":"","meta":{"footnotes":""},"class_list":["post-46","page","type-page","status-publish","hentry"],"_links":{"self":[{"href":"https:\/\/www.lorellasardo.com\/it\/wp-json\/wp\/v2\/pages\/46","targetHints":{"allow":["GET"]}}],"collection":[{"href":"https:\/\/www.lorellasardo.com\/it\/wp-json\/wp\/v2\/pages"}],"about":[{"href":"https:\/\/www.lorellasardo.com\/it\/wp-json\/wp\/v2\/types\/page"}],"author":[{"embeddable":true,"href":"https:\/\/www.lorellasardo.com\/it\/wp-json\/wp\/v2\/users\/1"}],"replies":[{"embeddable":true,"href":"https:\/\/www.lorellasardo.com\/it\/wp-json\/wp\/v2\/comments?post=46"}],"version-history":[{"count":20,"href":"https:\/\/www.lorellasardo.com\/it\/wp-json\/wp\/v2\/pages\/46\/revisions"}],"predecessor-version":[{"id":158,"href":"https:\/\/www.lorellasardo.com\/it\/wp-json\/wp\/v2\/pages\/46\/revisions\/158"}],"wp:attachment":[{"href":"https:\/\/www.lorellasardo.com\/it\/wp-json\/wp\/v2\/media?parent=46"}],"curies":[{"name":"wp","href":"https:\/\/api.w.org\/{rel}","templated":true}]}}