{"id":48,"date":"2015-02-22T22:20:09","date_gmt":"2015-02-22T22:20:09","guid":{"rendered":"http:\/\/www.lorellasardo.com\/it\/?page_id=48"},"modified":"2015-03-26T16:50:20","modified_gmt":"2015-03-26T16:50:20","slug":"english-for-children","status":"publish","type":"page","link":"https:\/\/www.lorellasardo.com\/it\/english-for-children\/","title":{"rendered":"English for Children"},"content":{"rendered":"<figure id=\"attachment_59\" class=\"thumbnail wp-caption alignleft\" style=\"width: 300px\"><a href=\"http:\/\/www.lorellasardo.com\/it\/wp-content\/uploads\/2015\/02\/efc.png\"><img loading=\"lazy\" decoding=\"async\" class=\"margin-right:10px wp-image-59 size-medium\" src=\"http:\/\/www.lorellasardo.com\/it\/wp-content\/uploads\/2015\/02\/efc-300x226.png\" alt=\"English for Childen\" width=\"300\" height=\"226\" srcset=\"https:\/\/www.lorellasardo.com\/it\/wp-content\/uploads\/2015\/02\/efc-300x226.png 300w, https:\/\/www.lorellasardo.com\/it\/wp-content\/uploads\/2015\/02\/efc.png 798w\" sizes=\"auto, (max-width: 300px) 100vw, 300px\" \/><\/a><figcaption class=\"caption wp-caption-text\">English for Childen<\/figcaption><\/figure>\n<p>English for Children \u00e8 un CD multimediale contenente una serie di dodici unit\u00e0 di apprendimento audiovisuali, realizzato dal team di Lorella Sardo per aiutare nell&#8217;insegnamento ai bambini attraverso actiongames in flash.<br \/>\nOgni unit\u00e0 \u00e8 organizzata in una o pi\u00f9 lezioni e relativi test.<\/p>\n<p><a class=\"btn btn-oldstyle\" href=\"\/tools\/efc.zip\" target=\"_blank\">Scarica qui la tua copia gratuita<\/a><\/p>\n<p><strong>Instruzioni<\/strong>:<br \/>\n<strong>Windows<\/strong>: estrai tutti i file da <em>efc.zip<\/em> in una cartella, e poi esegui il file <em>Main2.exe<\/em> contenuto nella cartella di estrazione.<br \/>\n<strong>Mac<\/strong>:\u00a0estrai tutti i file da <em>efc.zip<\/em>\u00a0in una cartella, e poi esegui il file <em>Main2.app<\/em> contenuto nella cartella di estrazione.<br \/>\n<strong>Buon divertimento<\/strong>!<\/p>\n","protected":false},"excerpt":{"rendered":"<p>English for Children \u00e8 un CD multimediale contenente una serie di dodici unit\u00e0 di apprendimento audiovisuali, realizzato dal team di Lorella Sardo per aiutare nell&#8217;insegnamento ai bambini attraverso actiongames in flash. Ogni unit\u00e0 \u00e8 organizzata in una o pi\u00f9 lezioni &hellip; <a href=\"https:\/\/www.lorellasardo.com\/it\/english-for-children\/\">Continued<\/a><\/p>\n","protected":false},"author":1,"featured_media":0,"parent":0,"menu_order":0,"comment_status":"open","ping_status":"open","template":"","meta":{"footnotes":""},"class_list":["post-48","page","type-page","status-publish","hentry"],"_links":{"self":[{"href":"https:\/\/www.lorellasardo.com\/it\/wp-json\/wp\/v2\/pages\/48","targetHints":{"allow":["GET"]}}],"collection":[{"href":"https:\/\/www.lorellasardo.com\/it\/wp-json\/wp\/v2\/pages"}],"about":[{"href":"https:\/\/www.lorellasardo.com\/it\/wp-json\/wp\/v2\/types\/page"}],"author":[{"embeddable":true,"href":"https:\/\/www.lorellasardo.com\/it\/wp-json\/wp\/v2\/users\/1"}],"replies":[{"embeddable":true,"href":"https:\/\/www.lorellasardo.com\/it\/wp-json\/wp\/v2\/comments?post=48"}],"version-history":[{"count":29,"href":"https:\/\/www.lorellasardo.com\/it\/wp-json\/wp\/v2\/pages\/48\/revisions"}],"predecessor-version":[{"id":156,"href":"https:\/\/www.lorellasardo.com\/it\/wp-json\/wp\/v2\/pages\/48\/revisions\/156"}],"wp:attachment":[{"href":"https:\/\/www.lorellasardo.com\/it\/wp-json\/wp\/v2\/media?parent=48"}],"curies":[{"name":"wp","href":"https:\/\/api.w.org\/{rel}","templated":true}]}}